{"id":410,"date":"2021-05-03T11:14:32","date_gmt":"2021-05-03T11:14:32","guid":{"rendered":"http:\/\/meurcet\/home\/"},"modified":"2023-05-25T18:15:21","modified_gmt":"2023-05-25T18:15:21","slug":"home","status":"publish","type":"page","link":"https:\/\/meurcet.fr\/","title":{"rendered":"Home"},"content":{"rendered":"\n<div class=\"wp-block-cover alignfull has-parallax has-small-font-size\" style=\"min-height:934px;aspect-ratio:unset;\"><span aria-hidden=\"true\" class=\"wp-block-cover__background has-background-dim-80 has-background-dim\"><\/span><div role=\"img\" class=\"wp-block-cover__image-background wp-image-856 has-parallax\" style=\"background-position:50% 50%;background-image:url(http:\/\/meurcet.fr\/wp-content\/uploads\/2023\/01\/Penseur-dans-la-porte.jpg)\"><\/div><div class=\"wp-block-cover__inner-container is-layout-flow wp-block-cover-is-layout-flow\">\n<div style=\"height:187px\" aria-hidden=\"true\" class=\"wp-block-spacer\"><\/div>\n\n\n\n<h2 class=\"wp-block-heading has-text-align-center has-x-large-font-size\">Authentique Cr\u00e9ateur d&rsquo;\u0153uvres et d&rsquo;objets d&rsquo;art sur mesure<\/h2>\n\n\n\n<div style=\"height:254px\" aria-hidden=\"true\" class=\"wp-block-spacer\"><\/div>\n\n\n\n<div class=\"wp-block-buttons is-content-justification-center is-layout-flex wp-container-core-buttons-is-layout-1 wp-block-buttons-is-layout-flex\">\n<div class=\"wp-block-button has-custom-font-size is-style-fill has-medium-font-size\"><a class=\"wp-block-button__link has-ast-global-color-5-color has-text-color has-background has-text-align-center wp-element-button\" style=\"border-radius:62px;background-color:#a40808;padding-top:16px;padding-right:16px;padding-bottom:16px;padding-left:16px\"><strong>Prendre Rdv<\/strong><\/a><\/div>\n<\/div>\n\n\n\n<div style=\"height:69px\" aria-hidden=\"true\" class=\"wp-block-spacer\"><\/div>\n\n\n\n<div class=\"wp-block-buttons has-custom-font-size has-small-font-size is-horizontal is-content-justification-center is-layout-flex wp-container-core-buttons-is-layout-2 wp-block-buttons-is-layout-flex\">\n<div class=\"wp-block-button has-custom-font-size\" style=\"font-size:19px\"><a class=\"wp-block-button__link has-ast-global-color-5-color has-text-color has-background wp-element-button\" href=\"https:\/\/meurcet.fr\/?page_id=131\" style=\"background-color:#2209e4;padding-top:1.2rem;padding-right:1.2rem;padding-bottom:1.2rem;padding-left:1.2rem\"><strong>D\u00e9couvrez le comit\u00e9 Meurcet<\/strong><\/a><\/div>\n<\/div>\n<\/div><\/div>\n\n\n\n<div style=\"height:132px\" aria-hidden=\"true\" class=\"wp-block-spacer\"><\/div>\n\n\n\n<h2 class=\"wp-block-heading has-text-align-center has-link-color wp-elements-5c58976139a7b7014df3a4f042245af2\" style=\"text-transform:uppercase\"><a href=\"https:\/\/meurcet.fr\/?page_id=129\" data-type=\"URL\" data-id=\"https:\/\/meurcet.fr\/?page_id=129\">\u0152UVREs &amp; objets SUR MESURE<\/a><\/h2>\n\n\n\n<div style=\"height:75px\" aria-hidden=\"true\" class=\"wp-block-spacer\"><\/div>\n\n\n\n<div class=\"wp-block-columns alignwide are-vertically-aligned-center is-layout-flex wp-container-core-columns-is-layout-1 wp-block-columns-is-layout-flex\">\n<div class=\"wp-block-column is-vertically-aligned-center is-layout-flow wp-block-column-is-layout-flow\">\n<figure class=\"wp-block-image aligncenter size-thumbnail is-resized is-style-rounded\"><img loading=\"lazy\" decoding=\"async\" src=\"https:\/\/meurcet.fr\/wp-content\/uploads\/2023\/05\/marteau-150x150.png\" alt=\"\" class=\"wp-image-1272\" width=\"80\" height=\"80\" srcset=\"https:\/\/meurcet.fr\/wp-content\/uploads\/2023\/05\/marteau-150x150.png 150w, https:\/\/meurcet.fr\/wp-content\/uploads\/2023\/05\/marteau-300x300.png 300w, https:\/\/meurcet.fr\/wp-content\/uploads\/2023\/05\/marteau.png 512w\" sizes=\"(max-width: 80px) 100vw, 80px\" \/><\/figure>\n\n\n\n<h2 class=\"wp-block-heading has-text-align-center has-large-font-size\">Sculpture<\/h2>\n\n\n\n<div style=\"height:43px\" aria-hidden=\"true\" class=\"wp-block-spacer\"><\/div>\n\n\n\n<p class=\"has-text-align-center has-black-color has-text-color has-small-font-size\"><em>Des sculptures uniques, r\u00e9alis\u00e9es par des artistes fran\u00e7ais                        utilisant les savoir-faire ancestraux.<\/em><\/p>\n<\/div>\n\n\n\n<div class=\"wp-block-column is-vertically-aligned-center is-layout-constrained wp-block-column-is-layout-constrained\">\n<figure class=\"wp-block-image aligncenter size-thumbnail is-resized\"><img loading=\"lazy\" decoding=\"async\" src=\"https:\/\/meurcet.fr\/wp-content\/uploads\/2023\/05\/palette-150x150.png\" alt=\"\" class=\"wp-image-1275\" width=\"80\" height=\"80\" srcset=\"https:\/\/meurcet.fr\/wp-content\/uploads\/2023\/05\/palette-150x150.png 150w, https:\/\/meurcet.fr\/wp-content\/uploads\/2023\/05\/palette-300x300.png 300w, https:\/\/meurcet.fr\/wp-content\/uploads\/2023\/05\/palette.png 512w\" sizes=\"(max-width: 80px) 100vw, 80px\" \/><\/figure>\n\n\n\n<h2 class=\"wp-block-heading has-text-align-center has-large-font-size\">Tableaux<\/h2>\n\n\n\n<div style=\"height:28px\" aria-hidden=\"true\" class=\"wp-block-spacer\"><\/div>\n\n\n\n<p class=\"has-text-align-center has-black-color has-text-color has-small-font-size\"><em>Des tableaux sur commande qui s&rsquo;adapte partout<\/em><\/p>\n<\/div>\n\n\n\n<div class=\"wp-block-column is-layout-constrained wp-block-column-is-layout-constrained\">\n<figure class=\"wp-block-image aligncenter size-thumbnail is-resized\"><img loading=\"lazy\" decoding=\"async\" src=\"https:\/\/meurcet.fr\/wp-content\/uploads\/2023\/05\/president-de-bureau-150x150.png\" alt=\"\" class=\"wp-image-1277\" width=\"80\" height=\"80\" srcset=\"https:\/\/meurcet.fr\/wp-content\/uploads\/2023\/05\/president-de-bureau-150x150.png 150w, https:\/\/meurcet.fr\/wp-content\/uploads\/2023\/05\/president-de-bureau-300x300.png 300w, https:\/\/meurcet.fr\/wp-content\/uploads\/2023\/05\/president-de-bureau.png 512w\" sizes=\"(max-width: 80px) 100vw, 80px\" \/><\/figure>\n\n\n\n<h2 class=\"wp-block-heading has-text-align-center has-large-font-size\">Mobilier<\/h2>\n\n\n\n<div style=\"height:42px\" aria-hidden=\"true\" class=\"wp-block-spacer\"><\/div>\n\n\n\n<div style=\"height:0px\" aria-hidden=\"true\" class=\"wp-block-spacer\"><\/div>\n\n\n\n<p class=\"has-text-align-center has-black-color has-text-color has-small-font-size\"><em>Du mobilier cr\u00e9atif sur mesure , con\u00e7u par des artisans du Monde pour correspondre \u00e0 vos<\/em> <em>besoins<\/em><\/p>\n<\/div>\n<\/div>\n\n\n\n<div style=\"height:149px\" aria-hidden=\"true\" class=\"wp-block-spacer\"><\/div>\n\n\n\n<div class=\"wp-block-cover alignfull has-parallax\" style=\"min-height:877px;aspect-ratio:unset;\"><span aria-hidden=\"true\" class=\"wp-block-cover__background has-ast-global-color-8-background-color has-background-dim-70 has-background-dim\"><\/span><div role=\"img\" class=\"wp-block-cover__image-background wp-image-964 has-parallax\" style=\"background-position:50% 50%;background-image:url(http:\/\/meurcet.fr\/wp-content\/uploads\/2023\/01\/Photo-site-web-300x202-1.jpg)\"><\/div><div class=\"wp-block-cover__inner-container is-layout-flow wp-block-cover-is-layout-flow\"><div class=\"aligncenter wp-block-site-logo\"><a href=\"https:\/\/meurcet.fr\/\" class=\"custom-logo-link\" rel=\"home\"><img loading=\"lazy\" decoding=\"async\" width=\"96\" height=\"125\" src=\"https:\/\/meurcet.fr\/wp-content\/uploads\/2023\/01\/cropped-LOGOSITE-BLANC-48x63.png\" class=\"custom-logo\" alt=\"Meurcet\" srcset=\"https:\/\/meurcet.fr\/wp-content\/uploads\/2023\/01\/cropped-LOGOSITE-BLANC.png 500w, https:\/\/meurcet.fr\/wp-content\/uploads\/2023\/01\/cropped-LOGOSITE-BLANC-229x300.png 229w, https:\/\/meurcet.fr\/wp-content\/uploads\/2023\/01\/cropped-LOGOSITE-BLANC-48x63.png 48w\" sizes=\"(max-width: 96px) 100vw, 96px\" \/><\/a><\/div>\n\n\n<h2 class=\"wp-block-heading has-text-align-center has-large-font-size\" style=\"text-transform:uppercase\">DEROULEMENT D&rsquo;UNE COMMANDE MEURCET<\/h2>\n\n\n\n<div style=\"height:39px\" aria-hidden=\"true\" class=\"wp-block-spacer\"><\/div>\n\n\n\n<div style=\"height:0px\" aria-hidden=\"true\" class=\"wp-block-spacer\"><\/div>\n\n\n\n<div class=\"inherit-container-width wp-block-group alignfull is-layout-constrained wp-block-group-is-layout-constrained\">\n<div class=\"inherit-container-width wp-block-group alignfull is-layout-constrained wp-block-group-is-layout-constrained\">\n<div class=\"wp-block-columns alignfull are-vertically-aligned-top has-small-font-size is-layout-flex wp-container-core-columns-is-layout-2 wp-block-columns-is-layout-flex\" style=\"border-style:none;border-width:0px;border-radius:0px;padding-top:0;padding-right:0;padding-bottom:0;padding-left:0\">\n<div class=\"wp-block-column is-vertically-aligned-top is-layout-flow wp-block-column-is-layout-flow\" style=\"flex-basis:350px\">\n<figure class=\"wp-block-image aligncenter size-large is-resized\"><img loading=\"lazy\" decoding=\"async\" src=\"https:\/\/meurcet.fr\/wp-content\/uploads\/2023\/05\/dev-3-724x1024.png\" alt=\"\" class=\"wp-image-1492\" width=\"168\" height=\"219\"\/><\/figure>\n\n\n\n<h2 class=\"wp-block-heading alignwide has-text-align-center has-large-font-size\" style=\"margin-top:0;margin-right:0;margin-bottom:0;margin-left:0\">DEVELOPPEMENT <\/h2>\n\n\n\n<p class=\"has-text-align-center has-ast-global-color-5-color has-text-color has-small-font-size\"><em>Etape de recherche et d\u00e9veloppement de votre id\u00e9e<\/em>&nbsp;<\/p>\n<\/div>\n\n\n\n<div class=\"wp-block-column is-vertically-aligned-top is-layout-flow wp-block-column-is-layout-flow\" style=\"flex-basis:350px\">\n<figure class=\"wp-block-image aligncenter size-large is-resized\"><img loading=\"lazy\" decoding=\"async\" src=\"https:\/\/meurcet.fr\/wp-content\/uploads\/2023\/05\/creation-2-724x1024.png\" alt=\"\" class=\"wp-image-1493\" width=\"153\" height=\"227\"\/><\/figure>\n\n\n\n<h2 class=\"wp-block-heading alignfull has-text-align-center has-large-font-size\" style=\"text-transform:uppercase\">CREATION<\/h2>\n\n\n\n<p class=\"has-text-align-center\"><em>Etape de cr\u00e9ation d&rsquo;une maquette \u00e0 l&rsquo;\u00e9chelle <\/em><\/p>\n<\/div>\n\n\n\n<div class=\"wp-block-column is-vertically-aligned-top is-layout-flow wp-block-column-is-layout-flow\">\n<figure class=\"wp-block-image aligncenter size-large is-resized\"><img loading=\"lazy\" decoding=\"async\" src=\"https:\/\/meurcet.fr\/wp-content\/uploads\/2023\/05\/suivi-1-724x1024.png\" alt=\"\" class=\"wp-image-1494\" width=\"147\" height=\"229\"\/><\/figure>\n\n\n\n<h2 class=\"wp-block-heading has-text-align-center has-large-font-size\">SUIVI <\/h2>\n\n\n\n<p class=\"has-text-align-center\"><em>Votre serez inform\u00e9 via votre r\u00e9f\u00e9rent <\/em><\/p>\n<\/div>\n\n\n\n<div class=\"wp-block-column is-vertically-aligned-top is-layout-flow wp-block-column-is-layout-flow\">\n<figure class=\"wp-block-image aligncenter size-medium is-resized\"><img loading=\"lazy\" decoding=\"async\" src=\"https:\/\/meurcet.fr\/wp-content\/uploads\/2023\/05\/livraison-3-212x300.png\" alt=\"\" class=\"wp-image-1496\" width=\"148\" height=\"213\"\/><\/figure>\n\n\n\n<h2 class=\"wp-block-heading has-text-align-center has-large-font-size\">LIVRAISON<\/h2>\n\n\n\n<p class=\"has-text-align-center\"><em>Livraison Premium et installation<\/em><\/p>\n<\/div>\n<\/div>\n<\/div>\n<\/div>\n<\/div><\/div>\n\n\n\n<div style=\"margin-top:0;margin-bottom:0;height:126px\" aria-hidden=\"true\" class=\"wp-block-spacer\"><\/div>\n\n\n\n<h2 class=\"wp-block-heading has-text-align-center has-ast-global-color-8-color has-text-color has-link-color wp-elements-9e815980aadb77fa7c70e608d944b4ad\" style=\"text-transform:uppercase\"><a href=\"https:\/\/meurcet.fr\/?page_id=1040\" data-type=\"URL\" data-id=\"https:\/\/meurcet.fr\/?page_id=1040\">LOCATION D&rsquo;\u0152UVRES MEURCET<\/a><\/h2>\n\n\n\n<div style=\"height:49px\" aria-hidden=\"true\" class=\"wp-block-spacer\"><\/div>\n\n\n\n<div class=\"wp-block-columns alignfull is-layout-flex wp-container-core-columns-is-layout-4 wp-block-columns-is-layout-flex\">\n<div class=\"wp-block-column is-layout-flow wp-block-column-is-layout-flow\" style=\"flex-basis:100%\">\n<div class=\"wp-block-columns alignfull is-layout-flex wp-container-core-columns-is-layout-3 wp-block-columns-is-layout-flex\">\n<div class=\"wp-block-column is-layout-flow wp-block-column-is-layout-flow\">\n<h2 class=\"wp-block-heading has-text-align-center has-medium-font-size\">CHOIX D&rsquo;UNE FORMULE<\/h2>\n\n\n\n<p class=\"has-text-align-center\">Choisissez parmi les formules, ou demandez un devis sur mesure<\/p>\n<\/div>\n\n\n\n<div class=\"wp-block-column is-layout-flow wp-block-column-is-layout-flow\">\n<h2 class=\"wp-block-heading has-text-align-center has-medium-font-size\">SELECTION DES OEUVRES<\/h2>\n\n\n\n<p class=\"has-text-align-center\">S\u00e9lection vos \u0153uvres parmi la Collection Meurcet<\/p>\n<\/div>\n\n\n\n<div class=\"wp-block-column is-layout-flow wp-block-column-is-layout-flow\">\n<h2 class=\"wp-block-heading has-text-align-center has-medium-font-size\">LIVRAISON ET INSTALLATION<\/h2>\n\n\n\n<p class=\"has-text-align-center\">Livraison personnalis\u00e9e Meurcet et installation partout en France <\/p>\n<\/div>\n<\/div>\n<\/div>\n<\/div>\n\n\n\n<div style=\"height:310px\" aria-hidden=\"true\" class=\"wp-block-spacer\"><\/div>\n\n\n\n<div class=\"wp-block-cover alignfull has-parallax\"><span aria-hidden=\"true\" class=\"wp-block-cover__background has-ast-global-color-8-background-color has-background-dim-90 has-background-dim\"><\/span><div role=\"img\" class=\"wp-block-cover__image-background wp-image-851 has-parallax\" style=\"background-position:50% 50%;background-image:url(http:\/\/meurcet.fr\/wp-content\/uploads\/2023\/01\/Rodin-penseur-ok.jpg)\"><\/div><div class=\"wp-block-cover__inner-container is-layout-flow wp-block-cover-is-layout-flow\">\n<h2 class=\"wp-block-heading has-text-align-center has-large-font-size\" style=\"text-transform:uppercase\">COMIT\u00e9 MEURCET<\/h2>\n\n\n\n<div style=\"height:85px\" aria-hidden=\"true\" class=\"wp-block-spacer\"><\/div>\n\n\n\n<h2 class=\"wp-block-heading has-text-align-center has-medium-font-size\" style=\"text-transform:uppercase\">SELECTION des artistes et des \u0152UVRES<\/h2>\n\n\n\n<figure class=\"wp-block-image aligncenter size-full is-resized has-custom-border is-style-rounded\"><img loading=\"lazy\" decoding=\"async\" src=\"https:\/\/meurcet.fr\/wp-content\/uploads\/2023\/05\/table.jpg\" alt=\"\" class=\"wp-image-1400\" style=\"border-style:none;border-width:0px;border-radius:37px\" width=\"250\" height=\"167\" srcset=\"https:\/\/meurcet.fr\/wp-content\/uploads\/2023\/05\/table.jpg 1000w, https:\/\/meurcet.fr\/wp-content\/uploads\/2023\/05\/table-300x200.jpg 300w, https:\/\/meurcet.fr\/wp-content\/uploads\/2023\/05\/table-768x512.jpg 768w\" sizes=\"(max-width: 250px) 100vw, 250px\" \/><\/figure>\n\n\n\n<p class=\"has-text-align-center has-small-font-size\"><\/p>\n\n\n\n<div style=\"height:116px\" aria-hidden=\"true\" class=\"wp-block-spacer\"><\/div>\n\n\n\n<div class=\"wp-block-columns is-layout-flex wp-container-core-columns-is-layout-5 wp-block-columns-is-layout-flex\">\n<div class=\"wp-block-column is-layout-flow wp-block-column-is-layout-flow\">\n<h2 class=\"wp-block-heading alignwide has-text-align-center has-medium-font-size\">DES SP\u00c9CIALISTES AU SERVICE DE L&rsquo;ART FRAN\u00c7AIS<\/h2>\n\n\n\n<div style=\"height:47px\" aria-hidden=\"true\" class=\"wp-block-spacer\"><\/div>\n\n\n\n<p class=\"has-text-align-center has-small-font-size\"><em>Le r\u00e9seau Meurcet permet de promouvoir les artistes ainsi que d&rsquo;entretenir les relations entre chaque acteur du domaine artistique. <\/em><\/p>\n<\/div>\n\n\n\n<div class=\"wp-block-column is-layout-flow wp-block-column-is-layout-flow\">\n<h2 class=\"wp-block-heading alignwide has-text-align-center has-medium-font-size\" id=\"block-fff2e23b-bd43-4e9f-8bc7-63333fc74798\">MISE EN PLACE D&rsquo;UN SALON ANNUEL<\/h2>\n\n\n\n<div style=\"height:47px\" aria-hidden=\"true\" class=\"wp-block-spacer\"><\/div>\n\n\n\n<p class=\"has-text-align-center has-small-font-size\"><em>Des rencontres entre les galeristes, artistes, collectionneurs et agents<\/em> <em>artistiques<\/em><\/p>\n<\/div>\n<\/div>\n<\/div><\/div>\n\n\n\n<div style=\"height:87px\" aria-hidden=\"true\" class=\"wp-block-spacer\"><\/div>\n\n\n\n<h2 class=\"wp-block-heading has-text-align-center\">Nos partenaires<\/h2>\n\n\n\n<p><style>\/*! elementor - v3.13.2 - 11-05-2023 *\/<br \/>\n.elementor-widget-image-carousel .swiper,.elementor-widget-image-carousel .swiper-container{position:static}.elementor-widget-image-carousel .swiper-container .swiper-slide figure,.elementor-widget-image-carousel .swiper .swiper-slide figure{line-height:inherit}.elementor-widget-image-carousel .swiper-slide{text-align:center}.elementor-image-carousel-wrapper:not(.swiper-container-initialized):not(.swiper-initialized) .swiper-slide{max-width:calc(100% \/ var(--e-image-carousel-slides-to-show, 3))}<\/style><\/p>\n\n\n\n<figure class=\"wp-block-image aligncenter\"><img decoding=\"async\" src=\"http:\/\/meurcet.fr\/wp-content\/uploads\/2023\/01\/logos_bern-150x150.jpg\" alt=\"logos_bern\"\/><\/figure>\n\n\n\n<figure class=\"wp-block-image aligncenter\"><img decoding=\"async\" src=\"http:\/\/meurcet.fr\/wp-content\/uploads\/2023\/01\/Credit_Agricole_logo_CA-150x150.png\" alt=\"Cr\u00e9dit_Agricole_logo_CA\"\/><\/figure>\n\n\n\n<h2 class=\"wp-block-heading has-text-align-center\">3 chiffres sur Meurcet<\/h2>\n\n\n\n<p><style>\/*! elementor - v3.13.2 - 11-05-2023 *\/<br \/>\n.elementor-counter .elementor-counter-number-wrapper{display:flex;font-size:69px;font-weight:600;line-height:1}.elementor-counter .elementor-counter-number-prefix,.elementor-counter .elementor-counter-number-suffix{flex-grow:1;white-space:pre-wrap}.elementor-counter .elementor-counter-number-prefix{text-align:right}.elementor-counter .elementor-counter-number-suffix{text-align:left}.elementor-counter .elementor-counter-title{text-align:center;font-size:19px;font-weight:400;line-height:2.5}<\/style><\/p>\n\n\n\n<p class=\"has-text-align-center\">89%<br>Taux de Satisfaction<br>36<br>Artistes &amp; Artisans Partenaires Meurcet<br>1<br>Oeuvres cr\u00e9es cette ann\u00e9e<\/p>\n\n\n\n<h3 class=\"wp-block-heading\">\u00a0<\/h3>\n\n\n\n<p><style>\/*! elementor - v3.13.2 - 11-05-2023 *\/<br \/>\n.elementor-widget-divider{--divider-border-style:none;--divider-border-width:1px;--divider-color:#0c0d0e;--divider-icon-size:20px;--divider-element-spacing:10px;--divider-pattern-height:24px;--divider-pattern-size:20px;--divider-pattern-url:none;--divider-pattern-repeat:repeat-x}.elementor-widget-divider .elementor-divider{display:flex}.elementor-widget-divider .elementor-divider__text{font-size:15px;line-height:1;max-width:95%}.elementor-widget-divider .elementor-divider__element{margin:0 var(--divider-element-spacing);flex-shrink:0}.elementor-widget-divider .elementor-icon{font-size:var(--divider-icon-size)}.elementor-widget-divider .elementor-divider-separator{display:flex;margin:0;direction:ltr}.elementor-widget-divider--view-line_icon .elementor-divider-separator,.elementor-widget-divider--view-line_text .elementor-divider-separator{align-items:center}.elementor-widget-divider--view-line_icon .elementor-divider-separator:after,.elementor-widget-divider--view-line_icon .elementor-divider-separator:before,.elementor-widget-divider--view-line_text .elementor-divider-separator:after,.elementor-widget-divider--view-line_text .elementor-divider-separator:before{display:block;content:\"\";border-bottom:0;flex-grow:1;border-top:var(--divider-border-width) var(--divider-border-style) var(--divider-color)}.elementor-widget-divider--element-align-left .elementor-divider .elementor-divider-separator>.elementor-divider__svg:first-of-type{flex-grow:0;flex-shrink:100}.elementor-widget-divider--element-align-left .elementor-divider-separator:before{content:none}.elementor-widget-divider--element-align-left .elementor-divider__element{margin-left:0}.elementor-widget-divider--element-align-right .elementor-divider .elementor-divider-separator>.elementor-divider__svg:last-of-type{flex-grow:0;flex-shrink:100}.elementor-widget-divider--element-align-right .elementor-divider-separator:after{content:none}.elementor-widget-divider--element-align-right .elementor-divider__element{margin-right:0}.elementor-widget-divider:not(.elementor-widget-divider--view-line_text):not(.elementor-widget-divider--view-line_icon) .elementor-divider-separator{border-top:var(--divider-border-width) var(--divider-border-style) var(--divider-color)}.elementor-widget-divider--separator-type-pattern{--divider-border-style:none}.elementor-widget-divider--separator-type-pattern.elementor-widget-divider--view-line .elementor-divider-separator,.elementor-widget-divider--separator-type-pattern:not(.elementor-widget-divider--view-line) .elementor-divider-separator:after,.elementor-widget-divider--separator-type-pattern:not(.elementor-widget-divider--view-line) .elementor-divider-separator:before,.elementor-widget-divider--separator-type-pattern:not([class*=elementor-widget-divider--view]) .elementor-divider-separator{width:100%;min-height:var(--divider-pattern-height);-webkit-mask-size:var(--divider-pattern-size) 100%;mask-size:var(--divider-pattern-size) 100%;-webkit-mask-repeat:var(--divider-pattern-repeat);mask-repeat:var(--divider-pattern-repeat);background-color:var(--divider-color);-webkit-mask-image:var(--divider-pattern-url);mask-image:var(--divider-pattern-url)}.elementor-widget-divider--no-spacing{--divider-pattern-size:auto}.elementor-widget-divider--bg-round{--divider-pattern-repeat:round}.rtl .elementor-widget-divider .elementor-divider__text{direction:rtl}.e-con-inner>.elementor-widget-divider,.e-con>.elementor-widget-divider{width:var(--container-widget-width,100%);--flex-grow:var(--container-widget-flex-grow)}<\/style><\/p>\n\n\n\n<div class=\"wp-block-cover alignfull has-parallax\"><span aria-hidden=\"true\" class=\"wp-block-cover__background has-background-dim-90 has-background-dim\"><\/span><div role=\"img\" class=\"wp-block-cover__image-background wp-image-856 has-parallax\" style=\"background-position:50% 50%;background-image:url(http:\/\/meurcet.fr\/wp-content\/uploads\/2023\/01\/Penseur-dans-la-porte.jpg)\"><\/div><div class=\"wp-block-cover__inner-container is-layout-flow wp-block-cover-is-layout-flow\">\n<p class=\"has-text-align-center has-large-font-size\" style=\"font-style:normal;font-weight:400\"><em><strong>Comme toutes les aventures celles-ci naissent d&rsquo;une rencontre. Meurcet n&rsquo;y fait pas exception.<\/strong><\/em><\/p>\n<\/div><\/div>\n","protected":false},"excerpt":{"rendered":"<p>\u0152UVREs &amp; objets SUR MESURE Sculpture Des sculptures uniques, r\u00e9alis\u00e9es par des artistes fran\u00e7ais utilisant les savoir-faire ancestraux. Tableaux Des tableaux sur commande qui s&rsquo;adapte partout Mobilier Du mobilier cr\u00e9atif sur mesure , con\u00e7u par des artisans du Monde pour correspondre \u00e0 vos besoins LOCATION D&rsquo;\u0152UVRES MEURCET Nos partenaires 3 chiffres sur Meurcet 89%Taux de &hellip;<\/p>\n<p class=\"read-more\"> <a class=\"\" href=\"https:\/\/meurcet.fr\/\"> <span class=\"screen-reader-text\">Home<\/span> Lire la suite\u00a0\u00bb<\/a><\/p>\n","protected":false},"author":2,"featured_media":0,"parent":0,"menu_order":0,"comment_status":"closed","ping_status":"closed","template":"","meta":{"site-sidebar-layout":"no-sidebar","site-content-layout":"page-builder","ast-global-header-display":"","ast-banner-title-visibility":"","ast-main-header-display":"","ast-hfb-above-header-display":"","ast-hfb-below-header-display":"","ast-hfb-mobile-header-display":"","site-post-title":"disabled","ast-breadcrumbs-content":"","ast-featured-img":"disabled","footer-sml-layout":"","theme-transparent-header-meta":"enabled","adv-header-id-meta":"","stick-header-meta":"","header-above-stick-meta":"","header-main-stick-meta":"","header-below-stick-meta":"","footnotes":""},"_links":{"self":[{"href":"https:\/\/meurcet.fr\/index.php?rest_route=\/wp\/v2\/pages\/410"}],"collection":[{"href":"https:\/\/meurcet.fr\/index.php?rest_route=\/wp\/v2\/pages"}],"about":[{"href":"https:\/\/meurcet.fr\/index.php?rest_route=\/wp\/v2\/types\/page"}],"author":[{"embeddable":true,"href":"https:\/\/meurcet.fr\/index.php?rest_route=\/wp\/v2\/users\/2"}],"replies":[{"embeddable":true,"href":"https:\/\/meurcet.fr\/index.php?rest_route=%2Fwp%2Fv2%2Fcomments&post=410"}],"version-history":[{"count":129,"href":"https:\/\/meurcet.fr\/index.php?rest_route=\/wp\/v2\/pages\/410\/revisions"}],"predecessor-version":[{"id":1569,"href":"https:\/\/meurcet.fr\/index.php?rest_route=\/wp\/v2\/pages\/410\/revisions\/1569"}],"wp:attachment":[{"href":"https:\/\/meurcet.fr\/index.php?rest_route=%2Fwp%2Fv2%2Fmedia&parent=410"}],"curies":[{"name":"wp","href":"https:\/\/api.w.org\/{rel}","templated":true}]}}