{"id":294,"date":"2022-08-23T17:47:17","date_gmt":"2022-08-23T15:47:17","guid":{"rendered":"http:\/\/meurcet\/?page_id=294"},"modified":"2023-05-18T16:20:02","modified_gmt":"2023-05-18T16:20:02","slug":"location","status":"publish","type":"page","link":"https:\/\/meurcet.fr\/?page_id=294","title":{"rendered":"LOCATION"},"content":{"rendered":"\n<div class=\"wp-block-cover alignfull has-parallax\" style=\"min-height:317px;aspect-ratio:unset;\"><span aria-hidden=\"true\" class=\"wp-block-cover__background has-ast-global-color-8-background-color has-background-dim-90 has-background-dim\"><\/span><div role=\"img\" class=\"wp-block-cover__image-background wp-image-856 has-parallax\" style=\"background-position:50% 50%;background-image:url(http:\/\/meurcet.fr\/wp-content\/uploads\/2023\/01\/Penseur-dans-la-porte.jpg)\"><\/div><div class=\"wp-block-cover__inner-container is-layout-flow wp-block-cover-is-layout-flow\"><div class=\"aligncenter wp-block-site-logo\"><a href=\"https:\/\/meurcet.fr\/\" class=\"custom-logo-link\" rel=\"home\"><img loading=\"lazy\" decoding=\"async\" width=\"90\" height=\"117\" src=\"https:\/\/meurcet.fr\/wp-content\/uploads\/2023\/01\/cropped-LOGOSITE-BLANC-48x63.png\" class=\"custom-logo\" alt=\"Meurcet\" srcset=\"https:\/\/meurcet.fr\/wp-content\/uploads\/2023\/01\/cropped-LOGOSITE-BLANC.png 500w, https:\/\/meurcet.fr\/wp-content\/uploads\/2023\/01\/cropped-LOGOSITE-BLANC-229x300.png 229w, https:\/\/meurcet.fr\/wp-content\/uploads\/2023\/01\/cropped-LOGOSITE-BLANC-48x63.png 48w\" sizes=\"(max-width: 90px) 100vw, 90px\" \/><\/a><\/div>\n\n\n<h2 class=\"wp-block-heading has-text-align-center\" style=\"text-transform:uppercase\">Les locations Meurcet<\/h2>\n<\/div><\/div>\n\n\n\n<div style=\"height:73px\" aria-hidden=\"true\" class=\"wp-block-spacer\"><\/div>\n\n\n\n<p class=\"has-text-align-center\">Meurcet propose une location pour vos bureaux ou tous les \u00e9v\u00e9nements cr\u00e9atifs et artistiques en France. Nos \u0153uvres sont majoritairement r\u00e9alis\u00e9es par de jeunes artistes en \u00e9cole ou avec peu de visibilit\u00e9. Cette location permets aux artistes et artisans de percevoir une rente sur leurs \u0153uvres plac\u00e9es en entreprise. <\/p>\n\n\n\n<div class=\"wp-block-buttons alignwide is-content-justification-center is-layout-flex wp-container-core-buttons-is-layout-1 wp-block-buttons-is-layout-flex\">\n<div class=\"wp-block-button\"><a class=\"wp-block-button__link has-ast-global-color-5-color has-text-color has-background wp-element-button\" href=\"https:\/\/meurcet.fr\/?page_id=922\" style=\"background-color:#235f88\">D\u00e9couvrez la Collection Meurcet<\/a><\/div>\n<\/div>\n\n\n\n<div style=\"height:54px\" aria-hidden=\"true\" class=\"wp-block-spacer\"><\/div>\n\n\n\n<p class=\"has-text-align-center\"><em>Vous \u00eates un artiste ou artisan et vous souhaitez confier vos \u0153uvres \u00e0 Meurcet ? <\/em><\/p>\n\n\n\n<div class=\"wp-block-buttons alignwide is-content-justification-center is-layout-flex wp-container-core-buttons-is-layout-2 wp-block-buttons-is-layout-flex\">\n<div class=\"wp-block-button\"><a class=\"wp-block-button__link has-ast-global-color-5-color has-text-color has-background wp-element-button\" href=\"https:\/\/meurcet.fr\/?page_id=308\" style=\"background-color:#124d75\">Proposez mes \u0153uvres !<\/a><\/div>\n<\/div>\n\n\n\n<div class=\"wp-block-columns is-layout-flex wp-container-core-columns-is-layout-2 wp-block-columns-is-layout-flex\">\n<div class=\"wp-block-column is-layout-flow wp-block-column-is-layout-flow\" style=\"flex-basis:100%\">\n<div style=\"height:42px\" aria-hidden=\"true\" class=\"wp-block-spacer\"><\/div>\n\n\n\n<div class=\"wp-block-columns alignwide are-vertically-aligned-center is-layout-flex wp-container-core-columns-is-layout-1 wp-block-columns-is-layout-flex\">\n<div class=\"wp-block-column is-vertically-aligned-center is-layout-flow wp-block-column-is-layout-flow\">\n<div style=\"height:53px\" aria-hidden=\"true\" class=\"wp-block-spacer\"><\/div>\n\n\n\n<h2 class=\"wp-block-heading has-text-align-center has-ast-global-color-1-color has-text-color\">Jeune M\u00e9c\u00e8ne<\/h2>\n\n\n\n<p class=\"has-text-align-center has-ast-global-color-8-color has-text-color\">3 \u0152uvres de la Collection Meurcet <\/p>\n\n\n\n<h2 class=\"wp-block-heading has-text-align-center has-ast-global-color-8-color has-text-color\">250\u20acTTC\/Mois<\/h2>\n\n\n\n<p class=\"has-text-align-center has-ast-global-color-8-color has-text-color has-small-font-size\"><em>Sous condition d&rsquo;une dur\u00e9e d&rsquo;engagement de 6 mois. <\/em><\/p>\n<\/div>\n\n\n\n<div class=\"wp-block-column is-vertically-aligned-center is-layout-flow wp-block-column-is-layout-flow\">\n<div style=\"height:50px\" aria-hidden=\"true\" class=\"wp-block-spacer\"><\/div>\n\n\n\n<h2 class=\"wp-block-heading has-text-align-center has-ast-global-color-1-color has-text-color\">M\u00e9c\u00e8ne <\/h2>\n\n\n\n<p class=\"has-text-align-center has-ast-global-color-8-color has-text-color\">5 \u0152uvres de la collection Meurcet<\/p>\n\n\n\n<h2 class=\"wp-block-heading has-text-align-center has-ast-global-color-8-color has-text-color\">350\u20acTTC\/Mois<\/h2>\n\n\n\n<p class=\"has-text-align-center has-ast-global-color-8-color has-text-color has-small-font-size\"><em>Sous condition d&rsquo;une dur\u00e9e d&rsquo;engagement de 6 mois. <\/em><\/p>\n<\/div>\n\n\n\n<div class=\"wp-block-column is-vertically-aligned-center is-layout-flow wp-block-column-is-layout-flow\">\n<div style=\"height:55px\" aria-hidden=\"true\" class=\"wp-block-spacer\"><\/div>\n\n\n\n<h2 class=\"wp-block-heading has-text-align-center has-ast-global-color-1-color has-text-color\">Sur Mesure<\/h2>\n\n\n\n<p class=\"has-text-align-center has-ast-global-color-8-color has-text-color\">Adaptez votre formule en fonction de vos besoins. <\/p>\n\n\n\n<div class=\"wp-block-buttons is-content-justification-center is-layout-flex wp-container-core-buttons-is-layout-3 wp-block-buttons-is-layout-flex\">\n<div class=\"wp-block-button\"><a class=\"wp-block-button__link has-ast-global-color-6-color has-text-color has-background wp-element-button\" href=\"https:\/\/meurcet.fr\/?page_id=308\" style=\"background-color:#900707\">Demandez un devis <\/a><\/div>\n<\/div>\n<\/div>\n<\/div>\n<\/div>\n<\/div>\n\n\n\n<div style=\"height:100px\" aria-hidden=\"true\" class=\"wp-block-spacer\"><\/div>\n","protected":false},"excerpt":{"rendered":"<p>Meurcet propose une location pour vos bureaux ou tous les \u00e9v\u00e9nements cr\u00e9atifs et artistiques en France. Nos \u0153uvres sont majoritairement r\u00e9alis\u00e9es par de jeunes artistes en \u00e9cole ou avec peu de visibilit\u00e9. Cette location permets aux artistes et artisans de percevoir une rente sur leurs \u0153uvres plac\u00e9es en entreprise. Vous \u00eates un artiste ou artisan &hellip;<\/p>\n<p class=\"read-more\"> <a class=\"\" href=\"https:\/\/meurcet.fr\/?page_id=294\"> <span class=\"screen-reader-text\">LOCATION<\/span> Lire la suite\u00a0\u00bb<\/a><\/p>\n","protected":false},"author":2,"featured_media":0,"parent":0,"menu_order":0,"comment_status":"closed","ping_status":"closed","template":"","meta":{"site-sidebar-layout":"default","site-content-layout":"plain-container","ast-global-header-display":"","ast-banner-title-visibility":"","ast-main-header-display":"","ast-hfb-above-header-display":"","ast-hfb-below-header-display":"","ast-hfb-mobile-header-display":"","site-post-title":"disabled","ast-breadcrumbs-content":"","ast-featured-img":"","footer-sml-layout":"","theme-transparent-header-meta":"","adv-header-id-meta":"","stick-header-meta":"","header-above-stick-meta":"","header-main-stick-meta":"","header-below-stick-meta":"","footnotes":""},"_links":{"self":[{"href":"https:\/\/meurcet.fr\/index.php?rest_route=\/wp\/v2\/pages\/294"}],"collection":[{"href":"https:\/\/meurcet.fr\/index.php?rest_route=\/wp\/v2\/pages"}],"about":[{"href":"https:\/\/meurcet.fr\/index.php?rest_route=\/wp\/v2\/types\/page"}],"author":[{"embeddable":true,"href":"https:\/\/meurcet.fr\/index.php?rest_route=\/wp\/v2\/users\/2"}],"replies":[{"embeddable":true,"href":"https:\/\/meurcet.fr\/index.php?rest_route=%2Fwp%2Fv2%2Fcomments&post=294"}],"version-history":[{"count":9,"href":"https:\/\/meurcet.fr\/index.php?rest_route=\/wp\/v2\/pages\/294\/revisions"}],"predecessor-version":[{"id":1485,"href":"https:\/\/meurcet.fr\/index.php?rest_route=\/wp\/v2\/pages\/294\/revisions\/1485"}],"wp:attachment":[{"href":"https:\/\/meurcet.fr\/index.php?rest_route=%2Fwp%2Fv2%2Fmedia&parent=294"}],"curies":[{"name":"wp","href":"https:\/\/api.w.org\/{rel}","templated":true}]}}