{"id":131,"date":"2022-08-19T15:35:05","date_gmt":"2022-08-19T15:35:05","guid":{"rendered":"http:\/\/meurcet\/?page_id=131"},"modified":"2023-05-25T18:42:33","modified_gmt":"2023-05-25T18:42:33","slug":"comite-meurcet","status":"publish","type":"page","link":"https:\/\/meurcet.fr\/?page_id=131","title":{"rendered":"COMITE MEURCET"},"content":{"rendered":"\n<div class=\"wp-block-cover alignfull has-parallax\" style=\"min-height:259px;aspect-ratio:unset;\"><span aria-hidden=\"true\" class=\"wp-block-cover__background has-ast-global-color-8-background-color has-background-dim-80 has-background-dim\"><\/span><div role=\"img\" class=\"wp-block-cover__image-background wp-image-852 has-parallax\" style=\"background-position:50% 50%;background-image:url(http:\/\/meurcet.fr\/wp-content\/uploads\/2023\/01\/good-david.png)\"><\/div><div class=\"wp-block-cover__inner-container is-layout-flow wp-block-cover-is-layout-flow\"><div class=\"aligncenter wp-block-site-logo\"><a href=\"https:\/\/meurcet.fr\/\" class=\"custom-logo-link\" rel=\"home\"><img loading=\"lazy\" decoding=\"async\" width=\"90\" height=\"117\" src=\"https:\/\/meurcet.fr\/wp-content\/uploads\/2023\/01\/cropped-LOGOSITE-BLANC-48x63.png\" class=\"custom-logo\" alt=\"Meurcet\" srcset=\"https:\/\/meurcet.fr\/wp-content\/uploads\/2023\/01\/cropped-LOGOSITE-BLANC.png 500w, https:\/\/meurcet.fr\/wp-content\/uploads\/2023\/01\/cropped-LOGOSITE-BLANC-229x300.png 229w, https:\/\/meurcet.fr\/wp-content\/uploads\/2023\/01\/cropped-LOGOSITE-BLANC-48x63.png 48w\" sizes=\"(max-width: 90px) 100vw, 90px\" \/><\/a><\/div>\n\n\n<h2 class=\"wp-block-heading has-text-align-center has-large-font-size\">COMIT\u00c9 MEURCET<\/h2>\n\n\n\n<hr class=\"wp-block-separator has-alpha-channel-opacity\"\/>\n\n\n\n<div style=\"height:38px\" aria-hidden=\"true\" class=\"wp-block-spacer\"><\/div>\n\n\n\n<p class=\"has-text-align-center has-small-font-size\"><\/p>\n\n\n\n<p class=\"has-text-align-center has-small-font-size\"><em>Nous avons d\u00e9cid\u00e9 de faire participer tous les acteurs de la cr\u00e9ation, de la distribution, et de la vente d&rsquo;\u0153uvres et d&rsquo;objets d&rsquo;art afin d&rsquo;encourager les artistes partenaires Meurcet. <\/em><\/p>\n\n\n\n<p class=\"has-text-align-center has-small-font-size\"><em>Ce comit\u00e9 se r\u00e9unit une fois par an, et remet \u00e0 l&rsquo;artiste Meurcet qui a \u00e9t\u00e9 \u00e9lu \u00ab\u00a0Meilleur Cr\u00e9ateur\u00a0\u00bb un prix qu&rsquo;il lui permettra de poursuivre son exploration artistique.<\/em><\/p>\n<\/div><\/div>\n\n\n\n<p class=\"has-text-align-center\"><\/p>\n","protected":false},"excerpt":{"rendered":"","protected":false},"author":2,"featured_media":0,"parent":0,"menu_order":0,"comment_status":"closed","ping_status":"closed","template":"","meta":{"site-sidebar-layout":"no-sidebar","site-content-layout":"page-builder","ast-global-header-display":"","ast-banner-title-visibility":"","ast-main-header-display":"","ast-hfb-above-header-display":"","ast-hfb-below-header-display":"","ast-hfb-mobile-header-display":"","site-post-title":"disabled","ast-breadcrumbs-content":"","ast-featured-img":"","footer-sml-layout":"","theme-transparent-header-meta":"","adv-header-id-meta":"","stick-header-meta":"","header-above-stick-meta":"","header-main-stick-meta":"","header-below-stick-meta":"","footnotes":""},"_links":{"self":[{"href":"https:\/\/meurcet.fr\/index.php?rest_route=\/wp\/v2\/pages\/131"}],"collection":[{"href":"https:\/\/meurcet.fr\/index.php?rest_route=\/wp\/v2\/pages"}],"about":[{"href":"https:\/\/meurcet.fr\/index.php?rest_route=\/wp\/v2\/types\/page"}],"author":[{"embeddable":true,"href":"https:\/\/meurcet.fr\/index.php?rest_route=\/wp\/v2\/users\/2"}],"replies":[{"embeddable":true,"href":"https:\/\/meurcet.fr\/index.php?rest_route=%2Fwp%2Fv2%2Fcomments&post=131"}],"version-history":[{"count":44,"href":"https:\/\/meurcet.fr\/index.php?rest_route=\/wp\/v2\/pages\/131\/revisions"}],"predecessor-version":[{"id":1579,"href":"https:\/\/meurcet.fr\/index.php?rest_route=\/wp\/v2\/pages\/131\/revisions\/1579"}],"wp:attachment":[{"href":"https:\/\/meurcet.fr\/index.php?rest_route=%2Fwp%2Fv2%2Fmedia&parent=131"}],"curies":[{"name":"wp","href":"https:\/\/api.w.org\/{rel}","templated":true}]}}