{"id":129,"date":"2022-08-19T15:33:26","date_gmt":"2022-08-19T13:33:26","guid":{"rendered":"http:\/\/meurcet\/?page_id=129"},"modified":"2023-05-25T18:38:34","modified_gmt":"2023-05-25T18:38:34","slug":"sur-mesure","status":"publish","type":"page","link":"https:\/\/meurcet.fr\/?page_id=129","title":{"rendered":"SUR MESURE"},"content":{"rendered":"\n<div class=\"wp-block-cover alignfull has-parallax\"><span aria-hidden=\"true\" class=\"wp-block-cover__background has-black-background-color has-background-dim-90 has-background-dim\"><\/span><div role=\"img\" class=\"wp-block-cover__image-background wp-image-856 has-parallax\" style=\"background-position:50% 50%;background-image:url(http:\/\/meurcet.fr\/wp-content\/uploads\/2023\/01\/Penseur-dans-la-porte.jpg)\"><\/div><div class=\"wp-block-cover__inner-container is-layout-flow wp-block-cover-is-layout-flow\"><div class=\"aligncenter wp-block-site-logo\"><a href=\"https:\/\/meurcet.fr\/\" class=\"custom-logo-link\" rel=\"home\"><img loading=\"lazy\" decoding=\"async\" width=\"90\" height=\"117\" src=\"https:\/\/meurcet.fr\/wp-content\/uploads\/2023\/01\/cropped-LOGOSITE-BLANC-48x63.png\" class=\"custom-logo\" alt=\"Meurcet\" srcset=\"https:\/\/meurcet.fr\/wp-content\/uploads\/2023\/01\/cropped-LOGOSITE-BLANC.png 500w, https:\/\/meurcet.fr\/wp-content\/uploads\/2023\/01\/cropped-LOGOSITE-BLANC-229x300.png 229w, https:\/\/meurcet.fr\/wp-content\/uploads\/2023\/01\/cropped-LOGOSITE-BLANC-48x63.png 48w\" sizes=\"(max-width: 90px) 100vw, 90px\" \/><\/a><\/div>\n\n\n<h2 class=\"wp-block-heading has-text-align-center has-large-font-size\">COMMANDE &amp; CREATION SUR MESURE<\/h2>\n\n\n\n<div style=\"height:44px\" aria-hidden=\"true\" class=\"wp-block-spacer\"><\/div>\n\n\n\n<p class=\"has-text-align-center has-small-font-size\"><em>Meurcet est le sp\u00e9cialiste dans la conception et la cr\u00e9ation d&rsquo;\u0153uvres et d&rsquo;objets d&rsquo;art sur mesure Francais<\/em><\/p>\n\n\n\n<div style=\"height:29px\" aria-hidden=\"true\" class=\"wp-block-spacer\"><\/div>\n\n\n\n<p class=\"has-text-align-center has-small-font-size\">Vos r\u00e9f\u00e9rents vous accompagnent durant tout le processus de cr\u00e9ation. <\/p>\n\n\n\n<div style=\"height:31px\" aria-hidden=\"true\" class=\"wp-block-spacer\"><\/div>\n\n\n\n<p class=\"has-text-align-center has-small-font-size\"><em>Tous nos r\u00e9f\u00e9rents sont sp\u00e9cialistes dans leur domaine.\u00a0Ils auront pour r\u00f4le de vous informer ainsi que de vous conseiller pendant la concr\u00e9tisation de votre \u0153uvre<\/em><\/p>\n<\/div><\/div>\n\n\n\n<div style=\"height:113px\" aria-hidden=\"true\" class=\"wp-block-spacer\"><\/div>\n\n\n\n<h1 class=\"wp-block-heading has-text-align-center\" style=\"text-transform:uppercase\">LES \u00e9TAPEs DE LA COMMANDE SUR MESURE<\/h1>\n\n\n\n<div style=\"height:89px\" aria-hidden=\"true\" class=\"wp-block-spacer\"><\/div>\n\n\n\n<h3 class=\"wp-block-heading alignwide has-text-align-center\" style=\"text-transform:uppercase\">1\/D\u00e9veloppement de l&rsquo;id\u00e9e<\/h3>\n\n\n\n<p class=\"has-text-align-center\">Avec l&rsquo;aide de votre r\u00e9f\u00e9rent, nous d\u00e9veloppons votre id\u00e9e, en utilisant des moyens techniques pour correspondre \u00e0 vos besoins.\u00a0<\/p>\n\n\n\n<p class=\"has-text-align-center\">Nous d\u00e9terminons ensemble si un artiste en particulier vous int\u00e9resse pour la fabrication de votre \u0153uvre.\u00a0<\/p>\n\n\n\n<div style=\"height:55px\" aria-hidden=\"true\" class=\"wp-block-spacer\"><\/div>\n\n\n\n<h3 class=\"wp-block-heading has-text-align-center\">2\/VALIDATION<\/h3>\n\n\n\n<p class=\"has-text-align-center\">Un fois l&rsquo;\u0153uvre cr\u00e9\u00e9e, nos d\u00e9veloppeurs utiliseront les nouvelles technologies pour en concevoir une maquette \u00e0 l&rsquo;\u00e9chelle.&nbsp;<\/p>\n\n\n\n<div style=\"height:55px\" aria-hidden=\"true\" class=\"wp-block-spacer\"><\/div>\n\n\n\n<h3 class=\"wp-block-heading has-text-align-center\" style=\"text-transform:uppercase\">3\/CR\u00e9ATION &amp; suivi<\/h3>\n\n\n\n<p class=\"has-text-align-center\">Votre r\u00e9f\u00e9rent vous informe de chaque \u00e9tape de la cr\u00e9ation de votre \u0153uvre.\u00a0<\/p>\n\n\n\n<div style=\"height:55px\" aria-hidden=\"true\" class=\"wp-block-spacer\"><\/div>\n\n\n\n<h3 class=\"wp-block-heading has-text-align-center\">4\/LIVRAISON<\/h3>\n\n\n\n<p class=\"has-text-align-center\">Livraison &amp; installation Meurcet\u00a0<\/p>\n\n\n\n<div style=\"height:55px\" aria-hidden=\"true\" class=\"wp-block-spacer\"><\/div>\n\n\n\n<div class=\"wp-block-cover alignfull has-parallax\"><span aria-hidden=\"true\" class=\"wp-block-cover__background has-ast-global-color-8-background-color has-background-dim-80 has-background-dim\"><\/span><div role=\"img\" class=\"wp-block-cover__image-background wp-image-1400 has-parallax\" style=\"background-position:50% 50%;background-image:url(http:\/\/meurcet.fr\/wp-content\/uploads\/2023\/05\/table.jpg)\"><\/div><div class=\"wp-block-cover__inner-container is-layout-flow wp-block-cover-is-layout-flow\">\n<h2 class=\"wp-block-heading has-text-align-center has-x-large-font-size\"><em><strong>Pour d\u00e9buter le processus de cr\u00e9ation, merci de remplir le formulaire ci-dessous. <\/strong><\/em><\/h2>\n<\/div><\/div>\n\n\n\n<div style=\"height:122px\" aria-hidden=\"true\" class=\"wp-block-spacer\"><\/div>\n\n\n\n<div class=\"wp-block-contact-form-7-contact-form-selector\">\n<div class=\"wpcf7 no-js\" id=\"wpcf7-f1538-o1\" lang=\"fr-FR\" dir=\"ltr\">\n<div class=\"screen-reader-response\"><p role=\"status\" aria-live=\"polite\" aria-atomic=\"true\"><\/p> <ul><\/ul><\/div>\n<form action=\"\/index.php?rest_route=%2Fwp%2Fv2%2Fpages%2F129#wpcf7-f1538-o1\" method=\"post\" class=\"wpcf7-form init\" aria-label=\"Formulaire de contact\" novalidate=\"novalidate\" data-status=\"init\">\n<div style=\"display: none;\">\n<input type=\"hidden\" name=\"_wpcf7\" value=\"1538\" \/>\n<input type=\"hidden\" name=\"_wpcf7_version\" value=\"5.9.3\" \/>\n<input type=\"hidden\" name=\"_wpcf7_locale\" value=\"fr_FR\" \/>\n<input type=\"hidden\" name=\"_wpcf7_unit_tag\" value=\"wpcf7-f1538-o1\" \/>\n<input type=\"hidden\" name=\"_wpcf7_container_post\" value=\"0\" \/>\n<input type=\"hidden\" name=\"_wpcf7_posted_data_hash\" value=\"\" \/>\n<\/div>\n<p><label> Votre nom et pr\u00e9nom<br \/>\n<span class=\"wpcf7-form-control-wrap\" data-name=\"your-name\"><input size=\"40\" class=\"wpcf7-form-control wpcf7-text wpcf7-validates-as-required\" autocomplete=\"name\" aria-required=\"true\" aria-invalid=\"false\" value=\"\" type=\"text\" name=\"your-name\" \/><\/span> <\/label>\n<\/p>\n<p><label> Votre pays de r\u00e9sidence<br \/>\n<span class=\"wpcf7-form-control-wrap\" data-name=\"text-652\"><input size=\"40\" class=\"wpcf7-form-control wpcf7-text wpcf7-validates-as-required\" aria-required=\"true\" aria-invalid=\"false\" value=\"\" type=\"text\" name=\"text-652\" \/><\/span> <\/label>\n<\/p>\n<p><label> Votre soci\u00e9t\u00e9<br \/>\n<span class=\"wpcf7-form-control-wrap\" data-name=\"text-590\"><input size=\"40\" class=\"wpcf7-form-control wpcf7-text\" aria-invalid=\"false\" value=\"\" type=\"text\" name=\"text-590\" \/><\/span> <\/label>\n<\/p>\n<p><label> Votre e-mail<br \/>\n<span class=\"wpcf7-form-control-wrap\" data-name=\"your-email\"><input size=\"40\" class=\"wpcf7-form-control wpcf7-email wpcf7-validates-as-required wpcf7-text wpcf7-validates-as-email\" autocomplete=\"email\" aria-required=\"true\" aria-invalid=\"false\" value=\"\" type=\"email\" name=\"your-email\" \/><\/span> <\/label>\n<\/p>\n<p><label> Votre num\u00e9ro de t\u00e9l\u00e9phone<br \/>\n<span class=\"wpcf7-form-control-wrap\" data-name=\"tel-32\"><input size=\"40\" class=\"wpcf7-form-control wpcf7-tel wpcf7-validates-as-required wpcf7-text wpcf7-validates-as-tel\" aria-required=\"true\" aria-invalid=\"false\" value=\"\" type=\"tel\" name=\"tel-32\" \/><\/span> <\/label>\n<\/p>\n<p><label> Type d'\u0153uvre<br \/>\n<span class=\"wpcf7-form-control-wrap\" data-name=\"menu-293\"><select class=\"wpcf7-form-control wpcf7-select\" aria-invalid=\"false\" multiple=\"multiple\" name=\"menu-293[]\"><option value=\"Sculpture\">Sculpture<\/option><option value=\"Tableau\">Tableau<\/option><option value=\"Mobilier\">Mobilier<\/option><option value=\"Location\">Location<\/option><\/select><\/span> <\/label>\n<\/p>\n<p><label> Mat\u00e9riaux<br \/>\n<span class=\"wpcf7-form-control-wrap\" data-name=\"text-410\"><input size=\"40\" class=\"wpcf7-form-control wpcf7-text\" aria-invalid=\"false\" value=\"\" type=\"text\" name=\"text-410\" \/><\/span> <\/label>\n<\/p>\n<p><label> Etre recontact\u00e9 par<br \/>\n<span class=\"wpcf7-form-control-wrap\" data-name=\"checkbox-626\"><span class=\"wpcf7-form-control wpcf7-checkbox\"><span class=\"wpcf7-list-item first\"><label><input type=\"checkbox\" name=\"checkbox-626[]\" value=\"T\u00e9l\u00e9phone\" \/><span class=\"wpcf7-list-item-label\">T\u00e9l\u00e9phone<\/span><\/label><\/span><span class=\"wpcf7-list-item last\"><label><input type=\"checkbox\" name=\"checkbox-626[]\" value=\"Email\" \/><span class=\"wpcf7-list-item-label\">Email<\/span><\/label><\/span><\/span><\/span> <\/label>\n<\/p>\n<p><label> Votre message (facultatif)<br \/>\n<span class=\"wpcf7-form-control-wrap\" data-name=\"your-message\"><textarea cols=\"40\" rows=\"10\" class=\"wpcf7-form-control wpcf7-textarea\" aria-invalid=\"false\" name=\"your-message\"><\/textarea><\/span> <\/label>\n<\/p>\n<p><input class=\"wpcf7-form-control wpcf7-submit has-spinner\" type=\"submit\" value=\"Envoyer mon message\" \/>\n<\/p><div class=\"wpcf7-response-output\" aria-hidden=\"true\"><\/div>\n<\/form>\n<\/div>\n<\/div>\n\n\n\n<div class=\"wp-block-cover alignfull\" style=\"min-height:800px;aspect-ratio:unset;\"><span aria-hidden=\"true\" class=\"wp-block-cover__background has-ast-global-color-8-background-color has-background-dim-80 has-background-dim\"><\/span><img loading=\"lazy\" decoding=\"async\" width=\"577\" height=\"800\" class=\"wp-block-cover__image-background wp-image-853\" alt=\"\" src=\"http:\/\/meurcet.fr\/wp-content\/uploads\/2023\/01\/IMG_00081.jpg\" data-object-fit=\"cover\" srcset=\"https:\/\/meurcet.fr\/wp-content\/uploads\/2023\/01\/IMG_00081.jpg 577w, https:\/\/meurcet.fr\/wp-content\/uploads\/2023\/01\/IMG_00081-216x300.jpg 216w\" sizes=\"(max-width: 577px) 100vw, 577px\" \/><div class=\"wp-block-cover__inner-container is-layout-flow wp-block-cover-is-layout-flow\">\n<div class=\"wp-block-columns alignwide is-layout-flex wp-container-core-columns-is-layout-1 wp-block-columns-is-layout-flex\">\n<div class=\"wp-block-column is-layout-flow wp-block-column-is-layout-flow\" style=\"flex-basis:55%\">\n<div style=\"height:330px\" aria-hidden=\"true\" class=\"wp-block-spacer\"><\/div>\n\n\n\n<p class=\"has-text-color\" style=\"color:#ffe074;font-size:12px;line-height:1.3\"><\/p>\n<\/div>\n\n\n\n<div class=\"wp-block-column is-layout-flow wp-block-column-is-layout-flow\"><\/div>\n<\/div>\n<\/div><\/div>\n","protected":false},"excerpt":{"rendered":"<p>LES \u00e9TAPEs DE LA COMMANDE SUR MESURE 1\/D\u00e9veloppement de l&rsquo;id\u00e9e Avec l&rsquo;aide de votre r\u00e9f\u00e9rent, nous d\u00e9veloppons votre id\u00e9e, en utilisant des moyens techniques pour correspondre \u00e0 vos besoins.\u00a0 Nous d\u00e9terminons ensemble si un artiste en particulier vous int\u00e9resse pour la fabrication de votre \u0153uvre.\u00a0 2\/VALIDATION Un fois l&rsquo;\u0153uvre cr\u00e9\u00e9e, nos d\u00e9veloppeurs utiliseront les nouvelles &hellip;<\/p>\n<p class=\"read-more\"> <a class=\"\" href=\"https:\/\/meurcet.fr\/?page_id=129\"> <span class=\"screen-reader-text\">SUR MESURE<\/span> Lire la suite\u00a0\u00bb<\/a><\/p>\n","protected":false},"author":2,"featured_media":0,"parent":0,"menu_order":1,"comment_status":"closed","ping_status":"closed","template":"","meta":{"site-sidebar-layout":"no-sidebar","site-content-layout":"page-builder","ast-global-header-display":"","ast-banner-title-visibility":"","ast-main-header-display":"","ast-hfb-above-header-display":"","ast-hfb-below-header-display":"","ast-hfb-mobile-header-display":"","site-post-title":"disabled","ast-breadcrumbs-content":"","ast-featured-img":"disabled","footer-sml-layout":"","theme-transparent-header-meta":"","adv-header-id-meta":"","stick-header-meta":"","header-above-stick-meta":"","header-main-stick-meta":"","header-below-stick-meta":"","footnotes":""},"_links":{"self":[{"href":"https:\/\/meurcet.fr\/index.php?rest_route=\/wp\/v2\/pages\/129"}],"collection":[{"href":"https:\/\/meurcet.fr\/index.php?rest_route=\/wp\/v2\/pages"}],"about":[{"href":"https:\/\/meurcet.fr\/index.php?rest_route=\/wp\/v2\/types\/page"}],"author":[{"embeddable":true,"href":"https:\/\/meurcet.fr\/index.php?rest_route=\/wp\/v2\/users\/2"}],"replies":[{"embeddable":true,"href":"https:\/\/meurcet.fr\/index.php?rest_route=%2Fwp%2Fv2%2Fcomments&post=129"}],"version-history":[{"count":45,"href":"https:\/\/meurcet.fr\/index.php?rest_route=\/wp\/v2\/pages\/129\/revisions"}],"predecessor-version":[{"id":1575,"href":"https:\/\/meurcet.fr\/index.php?rest_route=\/wp\/v2\/pages\/129\/revisions\/1575"}],"wp:attachment":[{"href":"https:\/\/meurcet.fr\/index.php?rest_route=%2Fwp%2Fv2%2Fmedia&parent=129"}],"curies":[{"name":"wp","href":"https:\/\/api.w.org\/{rel}","templated":true}]}}